{"id":46,"date":"2018-06-13T11:04:52","date_gmt":"2018-06-13T11:04:52","guid":{"rendered":"https:\/\/aado.ch\/wp\/?page_id=46"},"modified":"2019-06-19T18:34:43","modified_gmt":"2019-06-19T16:34:43","slug":"burkina-faso-2","status":"publish","type":"page","link":"https:\/\/aado.ch\/wp\/","title":{"rendered":"L&#8217;AADO | BURKINA FASO"},"content":{"rendered":"\n<ul class=\"wp-block-gallery alignwide columns-3 is-cropped wp-block-gallery-1 is-layout-flex wp-block-gallery-is-layout-flex\"><li class=\"blocks-gallery-item\"><figure><img loading=\"lazy\" decoding=\"async\" width=\"960\" height=\"720\" src=\"https:\/\/aado.ch\/wp\/wp-content\/uploads\/2019\/06\/AADO-Bild-6.jpg\" alt=\"2Kids\" data-id=\"342\" data-link=\"https:\/\/aado.ch\/wp\/de\/aado-bild-6\/\" class=\"wp-image-342\" srcset=\"https:\/\/aado.ch\/wp\/wp-content\/uploads\/2019\/06\/AADO-Bild-6.jpg 960w, https:\/\/aado.ch\/wp\/wp-content\/uploads\/2019\/06\/AADO-Bild-6-800x600.jpg 800w, https:\/\/aado.ch\/wp\/wp-content\/uploads\/2019\/06\/AADO-Bild-6-768x576.jpg 768w\" sizes=\"(max-width: 960px) 100vw, 960px\" \/><\/figure><\/li><li class=\"blocks-gallery-item\"><figure><img loading=\"lazy\" decoding=\"async\" width=\"960\" height=\"720\" src=\"https:\/\/aado.ch\/wp\/wp-content\/uploads\/2019\/06\/AADO-Bild-7.jpg\" alt=\"Tongue\" data-id=\"343\" data-link=\"https:\/\/aado.ch\/wp\/de\/aado-bild-7\/\" class=\"wp-image-343\" srcset=\"https:\/\/aado.ch\/wp\/wp-content\/uploads\/2019\/06\/AADO-Bild-7.jpg 960w, https:\/\/aado.ch\/wp\/wp-content\/uploads\/2019\/06\/AADO-Bild-7-800x600.jpg 800w, https:\/\/aado.ch\/wp\/wp-content\/uploads\/2019\/06\/AADO-Bild-7-768x576.jpg 768w\" sizes=\"(max-width: 960px) 100vw, 960px\" \/><\/figure><\/li><li class=\"blocks-gallery-item\"><figure><img loading=\"lazy\" decoding=\"async\" width=\"960\" height=\"540\" src=\"https:\/\/aado.ch\/wp\/wp-content\/uploads\/2019\/06\/AADO-Bild-4.jpg\" alt=\"Girl1\" data-id=\"340\" data-link=\"https:\/\/aado.ch\/wp\/de\/aado-bild-4\/\" class=\"wp-image-340\" srcset=\"https:\/\/aado.ch\/wp\/wp-content\/uploads\/2019\/06\/AADO-Bild-4.jpg 960w, https:\/\/aado.ch\/wp\/wp-content\/uploads\/2019\/06\/AADO-Bild-4-800x450.jpg 800w, https:\/\/aado.ch\/wp\/wp-content\/uploads\/2019\/06\/AADO-Bild-4-768x432.jpg 768w\" sizes=\"(max-width: 960px) 100vw, 960px\" \/><\/figure><\/li><\/ul>\n\n\n<p>L\u2019Association Art et D\u00e9veloppement (AADO) est une jeune association d\u2019artistes professionnels du Burkina Faso s\u2019engageant dans les domaines du th\u00e9\u00e2tre, de la danse, la confection de masques et du chant. Ces artistes d\u00e9veloppent de l\u2019art traditionnel ensemble avec des enfants et des adolescents socialement d\u00e9favoris\u00e9s d\u2019Ouagadougou. Ainsi, l\u2019AADO vise d\u2019une part \u00e0 encourager les enfants et les adolescents par rapport \u00e0 leur \u00e9panouissement personnel et leur formation et, d\u2019autre part, \u00e0 conserver l\u2019h\u00e9ritage culturel du Burkina Faso. Les membres de l\u2019association travaillent b\u00e9n\u00e9volement.<\/p>\n<p>&nbsp;<\/p>\n<p><iframe loading=\"lazy\" title=\"Association Art et D\u00e9veloppement de Ouagadougou (AADO)\" src=\"https:\/\/player.vimeo.com\/video\/40938856?dnt=1&amp;app_id=122963\" width=\"500\" height=\"281\" frameborder=\"0\" allow=\"autoplay; fullscreen; picture-in-picture; clipboard-write\"><\/iframe><\/p>","protected":false},"excerpt":{"rendered":"<p>L\u2019Association Art et D\u00e9veloppement (AADO) est une jeune association d\u2019artistes professionnels du Burkina Faso s\u2019engageant dans les domaines du th\u00e9\u00e2tre, de la danse, la confection&#8230;<\/p>\n<div class=\"more-link-wrapper\"><a class=\"more-link\" href=\"https:\/\/aado.ch\/wp\/\">Weiterlesen<span class=\"screen-reader-text\">L&#8217;AADO | BURKINA FASO<\/span><\/a><\/div>\n","protected":false},"author":1,"featured_media":0,"parent":0,"menu_order":1,"comment_status":"closed","ping_status":"closed","template":"","meta":{"footnotes":""},"class_list":["post-46","page","type-page","status-publish","hentry","entry"],"_links":{"self":[{"href":"https:\/\/aado.ch\/wp\/wp-json\/wp\/v2\/pages\/46"}],"collection":[{"href":"https:\/\/aado.ch\/wp\/wp-json\/wp\/v2\/pages"}],"about":[{"href":"https:\/\/aado.ch\/wp\/wp-json\/wp\/v2\/types\/page"}],"author":[{"embeddable":true,"href":"https:\/\/aado.ch\/wp\/wp-json\/wp\/v2\/users\/1"}],"replies":[{"embeddable":true,"href":"https:\/\/aado.ch\/wp\/wp-json\/wp\/v2\/comments?post=46"}],"version-history":[{"count":6,"href":"https:\/\/aado.ch\/wp\/wp-json\/wp\/v2\/pages\/46\/revisions"}],"predecessor-version":[{"id":350,"href":"https:\/\/aado.ch\/wp\/wp-json\/wp\/v2\/pages\/46\/revisions\/350"}],"wp:attachment":[{"href":"https:\/\/aado.ch\/wp\/wp-json\/wp\/v2\/media?parent=46"}],"curies":[{"name":"wp","href":"https:\/\/api.w.org\/{rel}","templated":true}]}}