{"id":366,"date":"2019-06-22T21:23:57","date_gmt":"2019-06-22T19:23:57","guid":{"rendered":"https:\/\/aado.ch\/wp\/?page_id=366"},"modified":"2022-02-25T16:30:16","modified_gmt":"2022-02-25T15:30:16","slug":"mitgliedschaft","status":"publish","type":"page","link":"https:\/\/aado.ch\/wp\/de\/mitgliedschaft\/","title":{"rendered":"MITGLIEDSCHAFT"},"content":{"rendered":"\n<p style=\"text-align:center\">AADO Deutschland bietet die M\u00f6glichkeit einer Mitgliedschaft an.<\/p>\n\n\n\n<p style=\"text-align:center\"><strong>Als (Passiv-)Mitglied von AADO-Deutschland e.V. unterst\u00fctzt Du kontinuierlich und zu 100% die Arbeit im CADO in Ouagadougou\/Burkina Faso<\/strong>.<\/p>\n\n\n\n<p>AADO-Deutschland e.V. m\u00f6chte vor allem den Erhalt der mehrmals w\u00f6chentlich stattfindenden Kurse f\u00fcr Kinder und Jugendliche im Kunstzentrum (CADO) sichern. Durch regelm\u00e4\u00dfige Mitgliedsbeitr\u00e4ge k\u00f6nnen Miete, Strom, Lehrgeh\u00e4lter und Wasserversorgung bezahlt werden.<\/p>\n\n\n\n<p>Der Mitgliedsbeitrag pro Mitglied betr\u00e4gt 5\u20ac\/Monat bzw. 60\u20ac\/Jahr.<\/p>\n\n\n\n<p>Die Mitgliedschaft wird f\u00fcr mindestens ein Kalenderjahr begr\u00fcndet und kann ohne Angaben von Gr\u00fcnden jederzeit zum jeweils n\u00e4chsten Kalenderjahr mit einer einfachen E-Mail gek\u00fcndigt werden. <\/p>\n\n\n\n<p>Alle Mitglieder des Vereins sind ehrenamtlich t\u00e4tig und k\u00f6nnen sich jederzeit mit eigenen Ideen in den Verein einbringen. In der j\u00e4hrlichen Mitgliederversammlung und dem darauf folgenden Bericht per E-Mail werden die Mitglieder vom Vorstand \u00fcber die aktuelle Vereinsarbeit, Fortschritte und Projekte in Deutschland und Burkina Faso informiert. <\/p>\n\n\n\n<p style=\"text-align:center\"><strong>AADO-Deutschland e.V. freut sich \u00fcber jede Spende und jedes Mitglied &#8211; ob aktiv oder passiv &#8211; jeder Euro hilft!<\/strong><\/p>\n\n\n\n<p style=\"text-align:center\"><em>Du m\u00f6chtest Mitglied werden und AADO unterst\u00fctzen? Dann lade einfach das Mitgliedsmaterial herunter, f\u00fclle die Beitrittserkl\u00e4rung aus und schicke sie per Mail oder Post an uns.  <\/em><\/p>\n\n\n\n<div class=\"wp-block-file aligncenter\"><a href=\"https:\/\/aado.ch\/wp\/wp-content\/uploads\/2022\/02\/MitgliedsMaterial_AADODeutschland.pdf\">Mitgliedsmaterial AADO-Deutschland e.V.<\/a><a href=\"https:\/\/aado.ch\/wp\/wp-content\/uploads\/2022\/02\/MitgliedsMaterial_AADODeutschland.pdf\" class=\"wp-block-file__button\" download>Herunterladen<\/a><\/div>\n","protected":false},"excerpt":{"rendered":"<p>AADO Deutschland bietet die M\u00f6glichkeit einer Mitgliedschaft an. Als (Passiv-)Mitglied von AADO-Deutschland e.V. unterst\u00fctzt Du kontinuierlich und zu 100% die Arbeit im CADO in Ouagadougou\/Burkina&#8230;<\/p>\n<div class=\"more-link-wrapper\"><a class=\"more-link\" href=\"https:\/\/aado.ch\/wp\/de\/mitgliedschaft\/\">Weiterlesen<span class=\"screen-reader-text\">MITGLIEDSCHAFT<\/span><\/a><\/div>\n","protected":false},"author":1,"featured_media":0,"parent":0,"menu_order":0,"comment_status":"closed","ping_status":"closed","template":"","meta":{"footnotes":""},"class_list":["post-366","page","type-page","status-publish","hentry","entry"],"_links":{"self":[{"href":"https:\/\/aado.ch\/wp\/wp-json\/wp\/v2\/pages\/366"}],"collection":[{"href":"https:\/\/aado.ch\/wp\/wp-json\/wp\/v2\/pages"}],"about":[{"href":"https:\/\/aado.ch\/wp\/wp-json\/wp\/v2\/types\/page"}],"author":[{"embeddable":true,"href":"https:\/\/aado.ch\/wp\/wp-json\/wp\/v2\/users\/1"}],"replies":[{"embeddable":true,"href":"https:\/\/aado.ch\/wp\/wp-json\/wp\/v2\/comments?post=366"}],"version-history":[{"count":4,"href":"https:\/\/aado.ch\/wp\/wp-json\/wp\/v2\/pages\/366\/revisions"}],"predecessor-version":[{"id":513,"href":"https:\/\/aado.ch\/wp\/wp-json\/wp\/v2\/pages\/366\/revisions\/513"}],"wp:attachment":[{"href":"https:\/\/aado.ch\/wp\/wp-json\/wp\/v2\/media?parent=366"}],"curies":[{"name":"wp","href":"https:\/\/api.w.org\/{rel}","templated":true}]}}