{"id":233,"date":"2018-06-13T15:01:31","date_gmt":"2018-06-13T13:01:31","guid":{"rendered":"https:\/\/aado.ch\/wp\/?page_id=233"},"modified":"2018-06-13T15:38:16","modified_gmt":"2018-06-13T13:38:16","slug":"objectifs","status":"publish","type":"page","link":"https:\/\/aado.ch\/wp\/aado-allemagne\/objectifs\/","title":{"rendered":"MISSION"},"content":{"rendered":"<p>L\u2019objectif de l\u2019AADO Allemagne est de promouvoir la formation et le d\u00e9veloppement du Burkina Faso par un renforcement de l\u2019art et de la culture. L\u2019association vise \u00e0 couvrir les frais courants (le loyer, l\u2019approvisionnement en eau et en \u00e9lectricit\u00e9, d\u2019\u00e9ventuels salaires, l\u2019aide imm\u00e9diate \u00e0 des urgences m\u00e9dicales et sociales) et \u00e0 soutenir les projets de l\u2019association par des dons et de r\u00e9guli\u00e8res cotisations des membres. Un objectif \u00e0 long terme est \u00e9galement un \u00e9change culturel entre les deux pays (par des ateliers internationales \/ des festivals \/ des projets).<\/p>\n","protected":false},"excerpt":{"rendered":"<p>L\u2019objectif de l\u2019AADO Allemagne est de promouvoir la formation et le d\u00e9veloppement du Burkina Faso par un renforcement de l\u2019art et de la culture. L\u2019association&#8230;<\/p>\n<div class=\"more-link-wrapper\"><a class=\"more-link\" href=\"https:\/\/aado.ch\/wp\/aado-allemagne\/objectifs\/\">Weiterlesen<span class=\"screen-reader-text\">MISSION<\/span><\/a><\/div>\n","protected":false},"author":1,"featured_media":0,"parent":228,"menu_order":0,"comment_status":"closed","ping_status":"closed","template":"","meta":{"footnotes":""},"class_list":["post-233","page","type-page","status-publish","hentry","entry"],"_links":{"self":[{"href":"https:\/\/aado.ch\/wp\/wp-json\/wp\/v2\/pages\/233"}],"collection":[{"href":"https:\/\/aado.ch\/wp\/wp-json\/wp\/v2\/pages"}],"about":[{"href":"https:\/\/aado.ch\/wp\/wp-json\/wp\/v2\/types\/page"}],"author":[{"embeddable":true,"href":"https:\/\/aado.ch\/wp\/wp-json\/wp\/v2\/users\/1"}],"replies":[{"embeddable":true,"href":"https:\/\/aado.ch\/wp\/wp-json\/wp\/v2\/comments?post=233"}],"version-history":[{"count":2,"href":"https:\/\/aado.ch\/wp\/wp-json\/wp\/v2\/pages\/233\/revisions"}],"predecessor-version":[{"id":282,"href":"https:\/\/aado.ch\/wp\/wp-json\/wp\/v2\/pages\/233\/revisions\/282"}],"up":[{"embeddable":true,"href":"https:\/\/aado.ch\/wp\/wp-json\/wp\/v2\/pages\/228"}],"wp:attachment":[{"href":"https:\/\/aado.ch\/wp\/wp-json\/wp\/v2\/media?parent=233"}],"curies":[{"name":"wp","href":"https:\/\/api.w.org\/{rel}","templated":true}]}}