{"id":231,"date":"2018-06-13T15:01:07","date_gmt":"2018-06-13T13:01:07","guid":{"rendered":"https:\/\/aado.ch\/wp\/?page_id=231"},"modified":"2022-02-25T15:57:21","modified_gmt":"2022-02-25T14:57:21","slug":"ziele","status":"publish","type":"page","link":"https:\/\/aado.ch\/wp\/de\/aado-deutschland\/ziele\/","title":{"rendered":"ZIELE"},"content":{"rendered":"<p style=\"text-align: left;\">AADO Deutschland hat sich zum Ziel gesetzt, die Arbeit von AADO Burkina zu unterst\u00fctzen.<\/p>\n<p style=\"text-align: left;\">Durch Spenden und regelm\u00e4\u00dfige Mitgliedsbeitr\u00e4ge will AADO-Deutschland e.V. laufende Kosten der AADO Burkina decken:<\/p>\n<ul>\n<li style=\"text-align: left;\">Miete<\/li>\n<li style=\"text-align: left;\">Strom- und Wasserversorgung<\/li>\n<li style=\"text-align: left;\">Personalgeh\u00e4lter<\/li>\n<li>Soforthilfe in medizinischen und sozialen Notf\u00e4llen<\/li>\n<\/ul>\n<p style=\"text-align: left;\">und kulturelle Projekte unterst\u00fctzen, um Entwicklungsm\u00f6glichkeiten und Perspektiven f\u00fcr Kinder und Jugendliche vor Ort zu schaffen.<\/p>\n<p style=\"text-align: center;\">Ein l\u00e4ngerfristiges Ziel ist ein kultureller Austausch zwischen den beiden L\u00e4ndern mit beispielsweise internationalen Workshops, Festivals und Kunstprojekten.<\/p>\n","protected":false},"excerpt":{"rendered":"<p>AADO Deutschland hat sich zum Ziel gesetzt, die Arbeit von AADO Burkina zu unterst\u00fctzen. Durch Spenden und regelm\u00e4\u00dfige Mitgliedsbeitr\u00e4ge will AADO-Deutschland e.V. laufende Kosten der&#8230;<\/p>\n<div class=\"more-link-wrapper\"><a class=\"more-link\" href=\"https:\/\/aado.ch\/wp\/de\/aado-deutschland\/ziele\/\">Weiterlesen<span class=\"screen-reader-text\">ZIELE<\/span><\/a><\/div>\n","protected":false},"author":1,"featured_media":0,"parent":224,"menu_order":0,"comment_status":"closed","ping_status":"closed","template":"","meta":{"footnotes":""},"class_list":["post-231","page","type-page","status-publish","hentry","entry"],"_links":{"self":[{"href":"https:\/\/aado.ch\/wp\/wp-json\/wp\/v2\/pages\/231"}],"collection":[{"href":"https:\/\/aado.ch\/wp\/wp-json\/wp\/v2\/pages"}],"about":[{"href":"https:\/\/aado.ch\/wp\/wp-json\/wp\/v2\/types\/page"}],"author":[{"embeddable":true,"href":"https:\/\/aado.ch\/wp\/wp-json\/wp\/v2\/users\/1"}],"replies":[{"embeddable":true,"href":"https:\/\/aado.ch\/wp\/wp-json\/wp\/v2\/comments?post=231"}],"version-history":[{"count":8,"href":"https:\/\/aado.ch\/wp\/wp-json\/wp\/v2\/pages\/231\/revisions"}],"predecessor-version":[{"id":507,"href":"https:\/\/aado.ch\/wp\/wp-json\/wp\/v2\/pages\/231\/revisions\/507"}],"up":[{"embeddable":true,"href":"https:\/\/aado.ch\/wp\/wp-json\/wp\/v2\/pages\/224"}],"wp:attachment":[{"href":"https:\/\/aado.ch\/wp\/wp-json\/wp\/v2\/media?parent=231"}],"curies":[{"name":"wp","href":"https:\/\/api.w.org\/{rel}","templated":true}]}}