{"id":228,"date":"2018-06-13T15:00:35","date_gmt":"2018-06-13T13:00:35","guid":{"rendered":"https:\/\/aado.ch\/wp\/?page_id=228"},"modified":"2019-06-19T18:31:56","modified_gmt":"2019-06-19T16:31:56","slug":"aado-allemagne","status":"publish","type":"page","link":"https:\/\/aado.ch\/wp\/aado-allemagne\/","title":{"rendered":"AADO | ALLEMAGNE"},"content":{"rendered":"\n<ul class=\"wp-block-gallery alignwide columns-3 is-cropped wp-block-gallery-1 is-layout-flex wp-block-gallery-is-layout-flex\"><li class=\"blocks-gallery-item\"><figure><img loading=\"lazy\" decoding=\"async\" width=\"960\" height=\"720\" src=\"https:\/\/aado.ch\/wp\/wp-content\/uploads\/2019\/06\/AADO-Bild-6.jpg\" alt=\"2Kids\" data-id=\"342\" data-link=\"https:\/\/aado.ch\/wp\/de\/aado-bild-6\/\" class=\"wp-image-342\" srcset=\"https:\/\/aado.ch\/wp\/wp-content\/uploads\/2019\/06\/AADO-Bild-6.jpg 960w, https:\/\/aado.ch\/wp\/wp-content\/uploads\/2019\/06\/AADO-Bild-6-800x600.jpg 800w, https:\/\/aado.ch\/wp\/wp-content\/uploads\/2019\/06\/AADO-Bild-6-768x576.jpg 768w\" sizes=\"(max-width: 960px) 100vw, 960px\" \/><\/figure><\/li><li class=\"blocks-gallery-item\"><figure><img loading=\"lazy\" decoding=\"async\" width=\"960\" height=\"720\" src=\"https:\/\/aado.ch\/wp\/wp-content\/uploads\/2019\/06\/AADO-Bild-7.jpg\" alt=\"Tongue\" data-id=\"343\" data-link=\"https:\/\/aado.ch\/wp\/de\/aado-bild-7\/\" class=\"wp-image-343\" srcset=\"https:\/\/aado.ch\/wp\/wp-content\/uploads\/2019\/06\/AADO-Bild-7.jpg 960w, https:\/\/aado.ch\/wp\/wp-content\/uploads\/2019\/06\/AADO-Bild-7-800x600.jpg 800w, https:\/\/aado.ch\/wp\/wp-content\/uploads\/2019\/06\/AADO-Bild-7-768x576.jpg 768w\" sizes=\"(max-width: 960px) 100vw, 960px\" \/><\/figure><\/li><li class=\"blocks-gallery-item\"><figure><img loading=\"lazy\" decoding=\"async\" width=\"960\" height=\"540\" src=\"https:\/\/aado.ch\/wp\/wp-content\/uploads\/2019\/06\/AADO-Bild-4.jpg\" alt=\"Girl1\" data-id=\"340\" data-link=\"https:\/\/aado.ch\/wp\/de\/aado-bild-4\/\" class=\"wp-image-340\" srcset=\"https:\/\/aado.ch\/wp\/wp-content\/uploads\/2019\/06\/AADO-Bild-4.jpg 960w, https:\/\/aado.ch\/wp\/wp-content\/uploads\/2019\/06\/AADO-Bild-4-800x450.jpg 800w, https:\/\/aado.ch\/wp\/wp-content\/uploads\/2019\/06\/AADO-Bild-4-768x432.jpg 768w\" sizes=\"(max-width: 960px) 100vw, 960px\" \/><\/figure><\/li><\/ul>\n\n\n<p>L\u2019AADO Allemagne est une association \u00e0 but non lucratif qui a \u00e9t\u00e9 fond\u00e9e en juin 2014 par des artistes allemands professionnels des domaines du th\u00e9\u00e2tre, de la photographie et de la dramaturgie. Parmi les membres formateurs se trouve Ouelgo T\u00e9n\u00e9, l\u2019inventeur et le pr\u00e9sident de l\u2019AADO. Comme ces membres s\u2019occupent actuellement tous ensemble de leurs travaux artistiques dans le m\u00eame endroit, ils ont la possibilit\u00e9 de pr\u00e9senter et de soutenir l\u2019AADO par des \u00e9v\u00e9nements caritatifs et des r\u00e9unions informatives. Ils connaissent le Burkina Faso ainsi que le centre de l\u2019AADO \u00e0 Ouagadougou et s\u2019y retrouvent r\u00e9guli\u00e8rement. Tous les membres travaillent aussi b\u00e9n\u00e9volement.<\/p>","protected":false},"excerpt":{"rendered":"<p>L\u2019AADO Allemagne est une association \u00e0 but non lucratif qui a \u00e9t\u00e9 fond\u00e9e en juin 2014 par des artistes allemands professionnels des domaines du th\u00e9\u00e2tre,&#8230;<\/p>\n<div class=\"more-link-wrapper\"><a class=\"more-link\" href=\"https:\/\/aado.ch\/wp\/aado-allemagne\/\">Weiterlesen<span class=\"screen-reader-text\">AADO | ALLEMAGNE<\/span><\/a><\/div>\n","protected":false},"author":1,"featured_media":0,"parent":0,"menu_order":0,"comment_status":"closed","ping_status":"closed","template":"","meta":{"footnotes":""},"class_list":["post-228","page","type-page","status-publish","hentry","entry"],"_links":{"self":[{"href":"https:\/\/aado.ch\/wp\/wp-json\/wp\/v2\/pages\/228"}],"collection":[{"href":"https:\/\/aado.ch\/wp\/wp-json\/wp\/v2\/pages"}],"about":[{"href":"https:\/\/aado.ch\/wp\/wp-json\/wp\/v2\/types\/page"}],"author":[{"embeddable":true,"href":"https:\/\/aado.ch\/wp\/wp-json\/wp\/v2\/users\/1"}],"replies":[{"embeddable":true,"href":"https:\/\/aado.ch\/wp\/wp-json\/wp\/v2\/comments?post=228"}],"version-history":[{"count":2,"href":"https:\/\/aado.ch\/wp\/wp-json\/wp\/v2\/pages\/228\/revisions"}],"predecessor-version":[{"id":351,"href":"https:\/\/aado.ch\/wp\/wp-json\/wp\/v2\/pages\/228\/revisions\/351"}],"wp:attachment":[{"href":"https:\/\/aado.ch\/wp\/wp-json\/wp\/v2\/media?parent=228"}],"curies":[{"name":"wp","href":"https:\/\/api.w.org\/{rel}","templated":true}]}}