{"id":165,"date":"2018-06-13T14:30:52","date_gmt":"2018-06-13T12:30:52","guid":{"rendered":"https:\/\/aado.ch\/wp\/?page_id=165"},"modified":"2024-08-14T18:41:12","modified_gmt":"2024-08-14T16:41:12","slug":"devenir-donateur","status":"publish","type":"page","link":"https:\/\/aado.ch\/wp\/burkina-faso-2\/engagement\/devenir-donateur\/","title":{"rendered":"Devenir donateur"},"content":{"rendered":"<p class=\"paragraph_style_2\">Les dons financiers sont \u00e9norm\u00e9ment importants pour l\u2019AADO, car c\u2019est gr\u00e2ce \u00e0 eux qu\u2019il est possible du tout de r\u00e9aliser les projets au Burkina Faso. Tous les dons sont enti\u00e8rement utilis\u00e9s dans le cadre des projets de l\u2019AADO au Burkina Faso.<\/p>\n<p class=\"paragraph_style_4\"><strong>Notre compte au Burkina Faso<\/strong><\/p>\n<p class=\"paragraph_style_2\">\u00a0\u00a0\u00a0 num\u00e9ro.: 00811728793501, Ecobank Ouagadougou<\/p>\n<p class=\"paragraph_style_2\">\u00a0\u00a0\u00a0 Habib Ouelgo, 01 BP 1229 Ouagadougou<\/p>\n<p class=\"paragraph_style_4\"><strong>Notre compte en Suisse<\/strong><\/p>\n<p class=\"paragraph_style_2\">IBAN: CH45 8080 8006 8757 2323 8<\/p>\n<p class=\"paragraph_style_2\">BIC\/SWIFT: RAIFCH22XXX<\/p>\n<p class=\"paragraph_style_2\">Bank: Raiffeisenbank Basel, St. Jakobs-Strasse 7, 4052 Basel<\/p>\n<p>Kontoinhaberin: Ass. Art et D\u00e9v. de Ouagadougou Schweiz, Hirzbrunnenallee 22, 4058 Basel<\/p>\n<p><img loading=\"lazy\" decoding=\"async\" class=\"wp-image-563 size-thumbnail aligncenter\" src=\"https:\/\/aado.ch\/wp\/wp-content\/uploads\/2024\/08\/20240814_1813072-150x150.jpg\" alt=\"\" width=\"150\" height=\"150\" srcset=\"https:\/\/aado.ch\/wp\/wp-content\/uploads\/2024\/08\/20240814_1813072-150x150.jpg 150w, https:\/\/aado.ch\/wp\/wp-content\/uploads\/2024\/08\/20240814_1813072-800x793.jpg 800w, https:\/\/aado.ch\/wp\/wp-content\/uploads\/2024\/08\/20240814_1813072-768x761.jpg 768w, https:\/\/aado.ch\/wp\/wp-content\/uploads\/2024\/08\/20240814_1813072-1089x1080.jpg 1089w, https:\/\/aado.ch\/wp\/wp-content\/uploads\/2024\/08\/20240814_1813072.jpg 1177w\" sizes=\"(max-width: 150px) 100vw, 150px\" \/><\/p>\n<p class=\"paragraph_style_4\"><strong>Notre compte en Allemagne<\/strong><\/p>\n<p class=\"paragraph_style_2\">\u00a0\u00a0\u00a0 IBAN: DE03 8306 5408 0001 6605 35,<\/p>\n<p class=\"paragraph_style_2\">\u00a0\u00a0\u00a0 BIC: GENODEF1SLR,<\/p>\n<p class=\"paragraph_style_2\">\u00a0\u00a0\u00a0 AADO Deutschland,<\/p>\n<p class=\"paragraph_style_2\">\u00a0\u00a0\u00a0 VR Bank Altenburger Land eG.<\/p>\n","protected":false},"excerpt":{"rendered":"<p>Les dons financiers sont \u00e9norm\u00e9ment importants pour l\u2019AADO, car c\u2019est gr\u00e2ce \u00e0 eux qu\u2019il est possible du tout de r\u00e9aliser les projets au Burkina Faso.&#8230;<\/p>\n<div class=\"more-link-wrapper\"><a class=\"more-link\" href=\"https:\/\/aado.ch\/wp\/burkina-faso-2\/engagement\/devenir-donateur\/\">Weiterlesen<span class=\"screen-reader-text\">Devenir donateur<\/span><\/a><\/div>\n","protected":false},"author":1,"featured_media":0,"parent":161,"menu_order":0,"comment_status":"closed","ping_status":"closed","template":"","meta":{"footnotes":""},"class_list":["post-165","page","type-page","status-publish","hentry","entry"],"_links":{"self":[{"href":"https:\/\/aado.ch\/wp\/wp-json\/wp\/v2\/pages\/165"}],"collection":[{"href":"https:\/\/aado.ch\/wp\/wp-json\/wp\/v2\/pages"}],"about":[{"href":"https:\/\/aado.ch\/wp\/wp-json\/wp\/v2\/types\/page"}],"author":[{"embeddable":true,"href":"https:\/\/aado.ch\/wp\/wp-json\/wp\/v2\/users\/1"}],"replies":[{"embeddable":true,"href":"https:\/\/aado.ch\/wp\/wp-json\/wp\/v2\/comments?post=165"}],"version-history":[{"count":3,"href":"https:\/\/aado.ch\/wp\/wp-json\/wp\/v2\/pages\/165\/revisions"}],"predecessor-version":[{"id":574,"href":"https:\/\/aado.ch\/wp\/wp-json\/wp\/v2\/pages\/165\/revisions\/574"}],"up":[{"embeddable":true,"href":"https:\/\/aado.ch\/wp\/wp-json\/wp\/v2\/pages\/161"}],"wp:attachment":[{"href":"https:\/\/aado.ch\/wp\/wp-json\/wp\/v2\/media?parent=165"}],"curies":[{"name":"wp","href":"https:\/\/api.w.org\/{rel}","templated":true}]}}