{"id":163,"date":"2018-06-13T14:30:23","date_gmt":"2018-06-13T12:30:23","guid":{"rendered":"https:\/\/aado.ch\/wp\/?page_id=163"},"modified":"2024-08-14T18:36:38","modified_gmt":"2024-08-14T16:36:38","slug":"geld-spenden","status":"publish","type":"page","link":"https:\/\/aado.ch\/wp\/de\/burkina-faso\/engagement\/geld-spenden\/","title":{"rendered":"Geld spenden"},"content":{"rendered":"<p class=\"paragraph_style_2\">Finanzielle Spenden sind f\u00fcr die AADO lebenswichtig. Dank ihnen k\u00f6nnen die Projekte in Burkina Faso \u00fcberhaupt durchgef\u00fchrt werden. Alle Spenden kommen vollumf\u00e4nglich den Projekten der AADO in Burkina Faso zugute.<\/p>\n<p class=\"paragraph_style_4\"><strong>Burkinisches Konto<\/strong><\/p>\n<p class=\"paragraph_style_5\">Nr.: 00811728793501, Ecobank Ouagadougou<\/p>\n<p class=\"paragraph_style_5\">Habib Ouelgo, 01 BP 1229 Ouagadougou<\/p>\n<p class=\"paragraph_style_5\"><span class=\"style_1\"><strong>Schweizer Konto<\/strong><br \/>\n<\/span><\/p>\n<p class=\"paragraph_style_5\"><span class=\"style_1\"><strong>Schweizer Spendenkonto<\/strong><br \/>\n<\/span><\/p>\n<p class=\"paragraph_style_2\">IBAN: CH45 8080 8006 8757 2323 8<\/p>\n<p class=\"paragraph_style_2\">BIC\/SWIFT: RAIFCH22XXX<\/p>\n<p class=\"paragraph_style_2\">Bank: Raiffeisenbank Basel, St. Jakobs-Strasse 7, 4052 Basel<\/p>\n<p>Kontoinhaberin: Ass. Art et D\u00e9v. de Ouagadougou Schweiz, Hirzbrunnenallee 22, 4058 Basel<\/p>\n<p><img loading=\"lazy\" decoding=\"async\" class=\"wp-image-563 size-thumbnail aligncenter\" src=\"https:\/\/aado.ch\/wp\/wp-content\/uploads\/2024\/08\/20240814_1813072-150x150.jpg\" alt=\"\" width=\"150\" height=\"150\" srcset=\"https:\/\/aado.ch\/wp\/wp-content\/uploads\/2024\/08\/20240814_1813072-150x150.jpg 150w, https:\/\/aado.ch\/wp\/wp-content\/uploads\/2024\/08\/20240814_1813072-800x793.jpg 800w, https:\/\/aado.ch\/wp\/wp-content\/uploads\/2024\/08\/20240814_1813072-768x761.jpg 768w, https:\/\/aado.ch\/wp\/wp-content\/uploads\/2024\/08\/20240814_1813072-1089x1080.jpg 1089w, https:\/\/aado.ch\/wp\/wp-content\/uploads\/2024\/08\/20240814_1813072.jpg 1177w\" sizes=\"(max-width: 150px) 100vw, 150px\" \/><\/p>\n<p class=\"paragraph_style_4\"><strong>Deutsches Konto<\/strong><\/p>\n<p class=\"paragraph_style_5\"><span class=\"style_3\">IBAN: DE03 8306 5408 0001 6605 35,<\/span><span class=\"style_4\">\u00a0<\/span>BIC: GENODEF1SLR,<\/p>\n<p class=\"paragraph_style_5\">AADO Deutschland,\u00a0VR Bank Altenburger Land eG.<\/p>\n<p class=\"paragraph_style_6\">Wenn Sie AADO l\u00e4ngerfristig unterst\u00fctzen m\u00f6chten, besteht die M\u00f6glichkeit, <a href=\"https:\/\/aado.ch\/wp\/de\/aado-schweiz\/mitgliedschaft\/\">Mitglied bei\u00a0<span class=\"style_6\">AADO Schweiz<\/span><\/a>\u00a0oder <a href=\"https:\/\/aado.ch\/wp\/de\/mitgliedschaft\/\">AADO Deutschland<\/a> zu werden. Durch regelm\u00e4ssige Mitgliederbeitr\u00e4ge k\u00f6nnen die laufenden Kosten der Projekte und damit deren Kontinuit\u00e4t gew\u00e4hrleistet werden.<\/p>\n","protected":false},"excerpt":{"rendered":"<p>Finanzielle Spenden sind f\u00fcr die AADO lebenswichtig. Dank ihnen k\u00f6nnen die Projekte in Burkina Faso \u00fcberhaupt durchgef\u00fchrt werden. Alle Spenden kommen vollumf\u00e4nglich den Projekten der&#8230;<\/p>\n<div class=\"more-link-wrapper\"><a class=\"more-link\" href=\"https:\/\/aado.ch\/wp\/de\/burkina-faso\/engagement\/geld-spenden\/\">Weiterlesen<span class=\"screen-reader-text\">Geld spenden<\/span><\/a><\/div>\n","protected":false},"author":1,"featured_media":0,"parent":159,"menu_order":0,"comment_status":"closed","ping_status":"closed","template":"","meta":{"footnotes":""},"class_list":["post-163","page","type-page","status-publish","hentry","entry"],"_links":{"self":[{"href":"https:\/\/aado.ch\/wp\/wp-json\/wp\/v2\/pages\/163"}],"collection":[{"href":"https:\/\/aado.ch\/wp\/wp-json\/wp\/v2\/pages"}],"about":[{"href":"https:\/\/aado.ch\/wp\/wp-json\/wp\/v2\/types\/page"}],"author":[{"embeddable":true,"href":"https:\/\/aado.ch\/wp\/wp-json\/wp\/v2\/users\/1"}],"replies":[{"embeddable":true,"href":"https:\/\/aado.ch\/wp\/wp-json\/wp\/v2\/comments?post=163"}],"version-history":[{"count":3,"href":"https:\/\/aado.ch\/wp\/wp-json\/wp\/v2\/pages\/163\/revisions"}],"predecessor-version":[{"id":572,"href":"https:\/\/aado.ch\/wp\/wp-json\/wp\/v2\/pages\/163\/revisions\/572"}],"up":[{"embeddable":true,"href":"https:\/\/aado.ch\/wp\/wp-json\/wp\/v2\/pages\/159"}],"wp:attachment":[{"href":"https:\/\/aado.ch\/wp\/wp-json\/wp\/v2\/media?parent=163"}],"curies":[{"name":"wp","href":"https:\/\/api.w.org\/{rel}","templated":true}]}}