{"id":102,"date":"2018-06-13T14:07:13","date_gmt":"2018-06-13T12:07:13","guid":{"rendered":"https:\/\/aado.ch\/wp\/?page_id=102"},"modified":"2018-06-13T14:07:13","modified_gmt":"2018-06-13T12:07:13","slug":"ateliers","status":"publish","type":"page","link":"https:\/\/aado.ch\/wp\/burkina-faso-2\/projets\/ateliers\/","title":{"rendered":"Ateliers"},"content":{"rendered":"<p class=\"paragraph_style_4\">A c\u00f4t\u00e9 du programme de mentorat, l\u2019AADO organise aussi des ateliers sur diff\u00e9rents sujets afin de perfectionner les comp\u00e9tences des artistes enseignants. Dans le cadre de ces ateliers, les artistes de l\u2019AADO apprennent des facult\u00e9s dont ils peuvent profiter par rapport \u00e0 leur activit\u00e9 en tant qu\u2019enseignant ou leur carri\u00e8re artistique.<\/p>\n<p class=\"paragraph_style_5\"><span class=\"style_2\">Il est aussi possible que les ateliers soient dirig\u00e9s par des invit\u00e9s d\u2019autres pays (ces \u00e9changes sont organis\u00e9s par exemple par l\u2019AADO Suisse ou l\u2019AADO Allemagne). Ainsi, deux \u00e9tudiants suisses ont offert un atelier sur le sujet des nouveaux m\u00e9dias dans le cadre duquel des membres int\u00e9ress\u00e9s de l\u2019AADO ont appris le maniement de la cam\u00e9ra et d\u2019un simple logiciel de montage. Gr\u00e2ce \u00e0 cela, ils \u00e9taient finalement capable de faire un propre film sur le th\u00e9\u00e2tre de pr\u00e9vention repr\u00e9sent\u00e9 par l\u2019AADO. En m\u00eame temps, ils ont film\u00e9 des s\u00e9quences afin de r\u00e9aliser un film publicitaire sur l\u2019AADO dans lequel les enfants et les artistes pr\u00e9sentent bri\u00e8vement leur association (voir les documents). Les artistes instruits de cette mani\u00e8re transmettront leur savoir aux autres membres de l\u2019AADO pour que l\u2019AADO puisse faire conna\u00eetre ses projets et ses id\u00e9es, ce qui permet de cr\u00e9er de nouveaux liens \u00e0 d\u2019autres organisations et de trouver de nouveaux partenaires et donateurs.<\/span><\/p>\n","protected":false},"excerpt":{"rendered":"<p>A c\u00f4t\u00e9 du programme de mentorat, l\u2019AADO organise aussi des ateliers sur diff\u00e9rents sujets afin de perfectionner les comp\u00e9tences des artistes enseignants. Dans le cadre&#8230;<\/p>\n<div class=\"more-link-wrapper\"><a class=\"more-link\" href=\"https:\/\/aado.ch\/wp\/burkina-faso-2\/projets\/ateliers\/\">Weiterlesen<span class=\"screen-reader-text\">Ateliers<\/span><\/a><\/div>\n","protected":false},"author":1,"featured_media":0,"parent":84,"menu_order":0,"comment_status":"closed","ping_status":"closed","template":"","meta":{"footnotes":""},"class_list":["post-102","page","type-page","status-publish","hentry","entry"],"_links":{"self":[{"href":"https:\/\/aado.ch\/wp\/wp-json\/wp\/v2\/pages\/102"}],"collection":[{"href":"https:\/\/aado.ch\/wp\/wp-json\/wp\/v2\/pages"}],"about":[{"href":"https:\/\/aado.ch\/wp\/wp-json\/wp\/v2\/types\/page"}],"author":[{"embeddable":true,"href":"https:\/\/aado.ch\/wp\/wp-json\/wp\/v2\/users\/1"}],"replies":[{"embeddable":true,"href":"https:\/\/aado.ch\/wp\/wp-json\/wp\/v2\/comments?post=102"}],"version-history":[{"count":1,"href":"https:\/\/aado.ch\/wp\/wp-json\/wp\/v2\/pages\/102\/revisions"}],"predecessor-version":[{"id":103,"href":"https:\/\/aado.ch\/wp\/wp-json\/wp\/v2\/pages\/102\/revisions\/103"}],"up":[{"embeddable":true,"href":"https:\/\/aado.ch\/wp\/wp-json\/wp\/v2\/pages\/84"}],"wp:attachment":[{"href":"https:\/\/aado.ch\/wp\/wp-json\/wp\/v2\/media?parent=102"}],"curies":[{"name":"wp","href":"https:\/\/api.w.org\/{rel}","templated":true}]}}